{"id":4486,"date":"2021-02-02T13:11:54","date_gmt":"2021-02-02T04:11:54","guid":{"rendered":"https:\/\/info.shimamura.co.jp\/soundproof\/?page_id=4486"},"modified":"2023-05-21T12:10:59","modified_gmt":"2023-05-21T03:10:59","slug":"proposal","status":"publish","type":"page","link":"https:\/\/info.shimamura.co.jp\/soundproof\/proposal","title":{"rendered":"\u9632\u97f3\u5ba4\u3067\u300c\u5feb\u9069\u306a\u5728\u5b85\u7a7a\u9593\u300d"},"content":{"rendered":"<h1><img decoding=\"async\" src=\"https:\/\/info.shimamura.co.jp\/soundproof\/img\/proposal\/main-banner.png\" alt=\"\u9632\u97f3\u5ba4\u3067\u300c\u5feb\u9069\u306a\u5728\u5b85\u7a7a\u9593\u300d\"\/><\/h1>\r\n<div class=\"proposal-sentence\">\r\n<p>\u9ad8\u3044\u906e\u97f3\u6027\u80fd\u3092\u6301\u3061\u3001\u697d\u5668\u306e\u7df4\u7fd2\u3084\u30ec\u30c3\u30b9\u30f3\u306a\u3069\u306b\u591a\u304f\u4f7f\u308f\u308c\u3066\u3044\u308b\u9632\u97f3\u5ba4\u3002\u305d\u306e\u906e\u97f3\u6027\u80fd\u306f\u5916\u306b\u51fa\u308b\u97f3\u3092\u5c0f\u3055\u304f\u3059\u308b\u3060\u3051\u3067\u306a\u304f\u3001\u5916\u304b\u3089\u5165\u3063\u3066\u3044\u6765\u308b\u97f3\u3082\u5c0f\u3055\u304f\u3059\u308b\u3053\u3068\u304c\u3067\u304d\u307e\u3059\u3002<br>\u307e\u305f\u3001\u5c0f\u3055\u304f\u4ed5\u5207\u3089\u308c\u305f\u7a7a\u9593\u306f\u97f3\u3060\u3051\u3067\u306a\u304f\u3001\u5468\u308a\u306e\u8996\u7dda\u3084\u52d5\u304d\u306a\u3069\u3082\u906e\u308b\u3053\u3068\u304c\u3067\u304d\u308b\u306e\u3067\u5468\u308a\u306b\u6c17\u3092\u53d6\u3089\u308c\u308b\u3053\u3068\u306e\u306a\u3044\u96c6\u4e2d\u3067\u304d\u308b\u74b0\u5883\u3092\u4f5c\u308b\u3053\u3068\u304c\u3067\u304d\u307e\u3059\u3002<\/p>\r\n<p>\u9632\u97f3\u5ba4\u304c\u3042\u308b\u3053\u3068\u3067\u30c6\u30ec\u30ef\u30fc\u30af\u3084\u30aa\u30f3\u30e9\u30a4\u30f3\u3067\u306e\u4f1a\u8b70\u3084\u6388\u696d\u3082\u5468\u308a\u3092\u6c17\u306b\u305b\u305a\u306b\u96c6\u4e2d\u3057\u3066\u53d6\u308a\u7d44\u3080\u3053\u3068\u304c\u3067\u304d\u3001\u307e\u305f\u5468\u308a\u306e\u3054\u5bb6\u65cf\u3082\u6c17\u306b\u3059\u308b\u3053\u3068\u306a\u304f\u666e\u6bb5\u901a\u308a\u306e\u751f\u6d3b\u3092\u3059\u308b\u3053\u3068\u304c\u3067\u304d\u307e\u3059\u3002<\/p>\r\n<p>\u30aa\u30f3\u30e9\u30a4\u30f3\u30ec\u30c3\u30b9\u30f3\u3084\u30aa\u30f3\u30e9\u30a4\u30f3\u30bb\u30c3\u30b7\u30e7\u30f3\u306a\u3069\u30cd\u30c3\u30c8\u3092\u4f7f\u3063\u3066\u3054\u81ea\u5b85\u3067\u97f3\u697d\u3092\u3088\u308a\u697d\u3057\u3080\u30b3\u30f3\u30c6\u30f3\u30c4\u3082\u5897\u3048\u3066\u3044\u307e\u3059\u3002\u3054\u81ea\u5b85\u306b\u97f3\u304c\u51fa\u305b\u308b\u74b0\u5883\u304c\u3042\u308c\u3070\u3001\u3055\u3089\u306b\u697d\u3057\u3044\u97f3\u697d\u751f\u6d3b\u3092\u9001\u308b\u3053\u3068\u304c\u3067\u304d\u307e\u3059\u3002<\/p>\r\n<\/div>\r\n\r\n<h2>\u52d5\u753b\u3067\u9632\u97f3\u306e\u52b9\u679c\u3092\u4f53\u9a13<\/h2>\r\n<div class=\"row\">\r\n<div class=\"col-xs-6 col-md-3\">\r\n<a href=\"https:\/\/www.youtube.com\/watch?v=1cyphyRe8hw\" class=\"trial-movie\" target=\"_blank\" data-lity rel=\"noopener\">\r\n<figure><img decoding=\"async\" src=\"https:\/\/img.youtube.com\/vi\/1cyphyRe8hw\/sddefault.jpg\" alt=\"\u30d0\u30a4\u30aa\u30ea\u30f3\u6f14\u594f\"><\/figure>\r\n<span>\u30d0\u30a4\u30aa\u30ea\u30f3\u6f14\u594f<\/span>\r\n<\/a>\r\n<\/div>\r\n<div class=\"col-xs-6 col-md-3\">\r\n<a href=\"https:\/\/www.youtube.com\/watch?v=4qxSrBlQnYY\" class=\"trial-movie\" target=\"_blank\" data-lity rel=\"noopener\">\r\n<figure><img decoding=\"async\" src=\"https:\/\/img.youtube.com\/vi\/4qxSrBlQnYY\/sddefault.jpg\" alt=\"\u30d4\u30a2\u30ce\u6f14\u594f\"><\/figure>\r\n<span>\u30d4\u30a2\u30ce\u6f14\u594f<\/span>\r\n<\/a>\r\n<\/div>\r\n<div class=\"col-xs-6 col-md-3\">\r\n<a href=\"https:\/\/www.youtube.com\/watch?v=3Sr-UuUAfII\" class=\"trial-movie\" target=\"_blank\" data-lity rel=\"noopener\">\r\n<figure><img decoding=\"async\" src=\"https:\/\/img.youtube.com\/vi\/3Sr-UuUAfII\/sddefault.jpg\" alt=\"\u30d5\u30eb\u30fc\u30c8\u6f14\u594f\"><\/figure>\r\n<span>\u30d5\u30eb\u30fc\u30c8\u6f14\u594f<\/span>\r\n<\/a>\r\n<\/div>\r\n<div class=\"col-xs-6 col-md-3\">\r\n<a href=\"https:\/\/www.youtube.com\/watch?v=RthRnW2-WeI\" class=\"trial-movie\" target=\"_blank\" data-lity rel=\"noopener\">\r\n<figure><img decoding=\"async\" src=\"https:\/\/img.youtube.com\/vi\/RthRnW2-WeI\/sddefault.jpg\" alt=\"\u30d4\u30a2\u30ce\u30fb\u30b5\u30c3\u30af\u30b9\u6f14\u594f\"><\/figure>\r\n<span>\u30d4\u30a2\u30ce\u30fb\u30b5\u30c3\u30af\u30b9\u6f14\u594f<\/span>\r\n<\/a>\r\n<\/div>\r\n<\/div>\r\n\r\n<h2>\u5546\u54c1\u7d39\u4ecb<\/h2>\r\n*\u7c21\u6613\u9632\u97f3\u5ba4\r\n<div class=\"proposal-sentence\" id=\"otodasu\">\r\n\u906e\u97f3\u6027\u80fd\u306f\u9ad8\u304f\u306a\u3044\u3082\u306e\u306e\u3001\u4ed5\u5207\u3089\u308c\u305f\u81ea\u5206\u3060\u3051\u306e\u7a7a\u9593\u304c\u4f5c\u308c\u307e\u3059\u3002\u8a2d\u7f6e\u3001\u89e3\u4f53\u3001\u79fb\u52d5\u3092\u7c21\u5358\u306b\u884c\u3046\u3053\u3068\u304c\u3067\u304d\u3001\u30ea\u30fc\u30ba\u30ca\u30d6\u30eb\u306a\u304a\u5024\u6bb5\u3082\u9b45\u529b\u3067\u3059\u3002             \r\n<\/div>\r\n<h4>S-OTODASU\u2161 LIGHT<span class=\"new-products\">2021\u5e7412\u670810\u65e5(\u91d1)\u767a\u58f2<\/span><\/h4>\r\n<div class=\"row\">\r\n<div class=\"col-xs-12 col-md-8 col-md-offset-2\">\r\n<div class=\"col-xs-6 col-md-6\">\r\n<img decoding=\"async\" class=\"unitImg\" src=\"https:\/\/info.shimamura.co.jp\/soundproof\/img\/proposal\/s-otodasu-\u2161-light_01.jpg\" alt=\"S-OTODASU\u2161 LIGHT\">\r\n<\/div>\r\n<div class=\"col-xs-6 col-md-6\">\r\n<img decoding=\"async\" class=\"unitImg\" src=\"https:\/\/info.shimamura.co.jp\/soundproof\/img\/proposal\/s-otodasu-\u2161-light_02.jpg\" alt=\"S-OTODASU\u2161 LIGHT\">\r\n<\/div>\r\n<\/div>\r\n<\/div>\r\n<div class=\"proposal-sentence\">\r\nS-OTODASU II LIGHT \u306e\u5185\u5bf8\u306e\u9ad8\u3055\u306f1,900mm\u3001\u5e83\u3005\u3068\u3057\u305f\u30b9\u30da\u30fc\u30b9\u3092\u78ba\u4fdd\u3067\u304d\u307e\u3059\u3002]]\u4eca\u307e\u3067\u9632\u97f3\u52b9\u679c\u306e\u3042\u308b\u304a\u90e8\u5c4b\u304c\u6b32\u3057\u3044\u3068\u3044\u3046\u304a\u58f0\u306f\u304a\u5ba2\u69d8\u304b\u3089\u6ca2\u5c71\u9802\u3044\u3066\u3044\u307e\u3057\u305f\u3002\u3067\u3059\u304c\u3001\u9ad8\u54c1\u8cea\u306a\u30e2\u30c7\u30eb\u306f\u304a\u5024\u6bb5\u3082\u4e0a\u304c\u3063\u3066\u3057\u307e\u3044\u307e\u3059\u3002\u9632\u97f3\u52b9\u679c\u3068\u304a\u5024\u6bb5\u306e\u30d0\u30e9\u30f3\u30b9\u304c\u3068\u308c\u305f\u5546\u54c1\u3092\u304a\u63a2\u3057\u306e\u304a\u5ba2\u69d8\u3078\u304a\u52e7\u3081\u3067\u304d\u308b\u5546\u54c1\u3067\u3042\u308a\u3001\u3054\u81ea\u8eab\u3067\u7d44\u307f\u7acb\u3066\u304c\u53ef\u80fd\u306a\u30b3\u30b9\u30c8\u30d1\u30d5\u30a9\u30fc\u30de\u30f3\u30b9\u30e2\u30c7\u30eb\u3067\u3059\u3002\r\n<\/div>\r\n<div class=\"row\">\r\n<div class=\"col-xs-12 col-12\">\r\n<div class=\"col-xs-6 col-md-6\">\r\n<h5>\u5149\u304c\u5c04\u3057\u8fbc\u3080\u56de\u8ee2\u5f0f\u306e\u5929\u4e95<\/h5> \r\n<img decoding=\"async\" class=\"unitImg2 center-block\" src=\"\/soundproof\/img\/proposal\/s-otodasu-\u2161-light_03.jpg\" alt=\"\u5149\u304c\u5c04\u3057\u8fbc\u3080\u56de\u8ee2\u5f0f\u306e\u5929\u4e95\">\r\n<p class=\"otodasu-info\">OTODASU\u306e\u5929\u4e95\u306f\u56de\u8ee2\u5f0f\u3002\u5929\u677f\u3092\u30af\u30eb\u30af\u30eb\u3068\u56de\u8ee2\u3059\u308b\u3053\u3068\u3067\u63db\u6c17\u304c\u884c\u3048\u307e\u3059\u3002<\/p>\r\n<\/div>\r\n<div class=\"col-xs-6 col-md-6\">\r\n<h5>\u5145\u96fb\u306b\u4fbf\u5229\u306a\u914d\u7dda\u7a74<\/h5>  \r\n<img decoding=\"async\" class=\"unitImg2 center-block\" src=\"\/soundproof\/img\/proposal\/s-otodasu-\u2161-light_04.jpg\" alt=\"\u5145\u96fb\u306b\u4fbf\u5229\u306a\u914d\u7dda\u7a74\">\r\n<p class=\"otodasu-info\">\u96fb\u6e90\u30b3\u30fc\u30c9\u3092\u901a\u3059\u305f\u3081\u306e\u914d\u7dda\u7a74\u304c\u3064\u3044\u3066\u3044\u307e\u3059\u3002\u30b9\u30de\u30db\u306e\u5145\u96fb\u3084PC\u306e\u96fb\u6e90\u30b3\u30fc\u30c9\u306b\u304a\u4f7f\u3044\u304f\u3060\u3055\u3044\u3002<\/p>\r\n<\/div>\r\n<\/div>\r\n<\/div>\r\n\r\n<div class=\"text-center\">\r\n<iframe style=\"max-width:560px;width:100%;\" height=\"315\" src=\"https:\/\/www.youtube.com\/embed\/videoseries?list=PLg6IM6YpWIvC9k0KiD_22E4pctzFoBBgO\" title=\"YouTube video player\" frameborder=\"0\" allow=\"accelerometer; autoplay; clipboard-write; encrypted-media; gyroscope; picture-in-picture\" allowfullscreen><\/iframe>\r\n<\/div>\r\n\r\n<div class=\"scroll\">\r\n|*\u5546\u54c1\u540d|*\u672c\u4f53\u4fa1\u683c(\u7a0e\u8fbc\uff09|*\u5185\u5bf8|*\u5916\u5bf8|\r\n|S-OTODASU\u2161 LIGHT 12x11D\u30e2\u30c7\u30eb|[!119,900\u5186!]|1100\u00d71200\u00d71900|1240\u00d71340\u00d71912|\r\n|S-OTODASU\u2161 LIGHT 12x12\u30e2\u30c7\u30eb|[!129,900\u5186!]|1200\u00d71200\u00d71900|1340\u00d71340\u00d71912|\r\n<\/div>\r\n<span class=\"proposal-notice_text text-danger\"><span class=\"glyphicon glyphicon-exclamation-sign\" aria-hidden=\"true\"><\/span>\u4fa1\u683c\u306f\u672c\u4f53\u4fa1\u683c\u306e\u307f\u3002\u914d\u9001\u6599\u91d1\u306a\u3069\u306f\u5225\u9014\u304b\u304b\u308a\u307e\u3059\u3002\u304a\u5ba2\u69d8\u7d44\u307f\u7acb\u3066\u306e\u5546\u54c1\u3068\u306a\u308a\u307e\u3059\u3002<\/span>\r\n<span class=\"proposal-notice_text\">\u203b\u5185\u5bf81,100mm\u00d71,100mm \u3092\u57fa\u672c\u8a2d\u8a08\u3068\u3057\u3066\u3001\u3088\u308a\u69d8\u3005\u306a\u7528\u9014\u306b\u5fdc\u3058\u305f\u89e3\u653e\u611f\u3068\u5229\u4fbf\u6027\u3092\u8ffd\u6c42\u3057\u5185\u5bf8\u30b5\u30a4\u30ba\u3092\u62e1\u5927\u3057\u305f\u5cf6\u6751\u697d\u5668\u5c02\u58f2\u306e2\u30e2\u30c7\u30eb\u3067\u3059\u3002<\/span>\r\n<span class=\"proposal-notice_text\">\u203b\u5bf8\u6cd5\uff1a\u5e45\u00d7\u5965\u884c\u00d7\u9ad8\u3055(mm)<\/span>\r\n<div class=\"proposal-sentence alert alert-warning\">\u672c\u5546\u54c1\u306e\u304a\u554f\u3044\u5408\u308f\u305b\u3001\u8cfc\u5165\u306f<a href=\"https:\/\/www.shimamura.co.jp\/shops\/\" target=\"_blank\" rel=\"noopener\">\u304a\u8fd1\u304f\u306e\u5cf6\u6751\u697d\u5668 <span class=\"glyphicon glyphicon-new-window\" aria-hidden=\"true\"><\/span><\/a>\u306b\u3066\u3054\u76f8\u8ac7\u3044\u305f\u3060\u304f\u304b\u3001<a href=\"https:\/\/store.shimamura.co.jp\/ec\/Facet?inputKeywordFacet=OTODASU&kclsf=AND\" target=\"_blank\" rel=\"noopener\">\u5cf6\u6751\u697d\u5668 \u30aa\u30f3\u30e9\u30a4\u30f3\u30b9\u30c8\u30a2<span class=\"glyphicon glyphicon-new-window\" aria-hidden=\"true\"><\/span><\/a>\u306b\u3066\u3054\u8cfc\u5165\u9802\u3051\u307e\u3059\u3002<\/div>\r\n<\/div>\r\n\r\n**infist design \u30e9\u30a4\u30c8\u30eb\u30fc\u30e0LL\r\n<div class=\"row\">\r\n<div class=\"col-xs-12 col-md-4\">\r\n<img decoding=\"async\" src=\"https:\/\/info.shimamura.co.jp\/soundproof\/img\/proposal\/plrm002l_001.jpg\" alt=\"\"  \/>\r\n<\/div>\r\n\r\n<div class=\"col-xs-12 col-md-8\">\r\n<div class=\"scroll\">\r\n|*\u672c\u4f53\u4fa1\u683c(\u7a0e\u8fbc\uff09|[!162,800\u5186!]|\r\n|*\u5185\u5bf8|1150\u00d71300\u00d72180|\r\n|*\u5916\u5bf8|1200\u00d71350\u00d72187|\r\n<\/div>\r\n<span class=\"proposal-notice_text text-danger\"><span class=\"glyphicon glyphicon-exclamation-sign\" aria-hidden=\"true\"><\/span>\u4fa1\u683c\u306f\u672c\u4f53\u4fa1\u683c\u306e\u307f\u3002\u914d\u9001\u6599\u91d1\u306a\u3069\u306f\u5225\u9014\u304b\u304b\u308a\u307e\u3059\u3002<\/span>\r\n<span class=\"proposal-notice_text\">\u203b\u5bf8\u6cd5\uff1a\u5e45\u00d7\u5965\u884c\u00d7\u9ad8\u3055(mm)<\/span>\r\n<span class=\"proposal-notice_text\">\u203b\u672c\u5546\u54c1\u306f\u304a\u5ba2\u69d8\u7d44\u307f\u7acb\u3066\u3068\u306a\u308a\u307e\u3059\u3002<\/span>\r\n<div class=\"proposal-sentence alert alert-warning\">\u672c\u5546\u54c1\u306e\u304a\u554f\u3044\u5408\u308f\u305b\u3001\u8cfc\u5165\u306f<a href=\"https:\/\/www.shimamura.co.jp\/shops\/\" target=\"_blank\" rel=\"noopener\">\u304a\u8fd1\u304f\u306e\u5cf6\u6751\u697d\u5668 <span class=\"glyphicon glyphicon-new-window\" aria-hidden=\"true\"><\/span><\/a>\u306b\u3066\u3054\u76f8\u8ac7\u304f\u3060\u3055\u3044\u3002<\/div>\r\n<\/div>\r\n<\/div>\r\n\r\n*0.8\u7573\u9632\u97f3\u30e6\u30cb\u30c3\u30c8(Dr35\uff09\r\n<div class=\"row\">\r\n<div class=\"col-xs-12 col-md-8 col-md-offset-2\">\r\n<div class=\"col-xs-6 col-md-6\">\r\n<img decoding=\"async\" class=\"unitImg\" src=\"https:\/\/info.shimamura.co.jp\/soundproof\/img\/proposal\/cefine_NS_AMDB08H-1.jpg\" alt=\"\"  \/>\r\n<\/div>\r\n<div class=\"col-xs-6 col-md-6\">\r\n<img decoding=\"async\" class=\"unitImg\" src=\"https:\/\/info.shimamura.co.jp\/soundproof\/img\/uploads\/sendaiizumi\/2020\/11\/20201113-img-2639.jpg\" alt=\"\u30a4\u30aa\u30f3\u30e2\u30fc\u30eb\u4ed9\u53f0\u6cc9\u5e97 AMDB08H\" \/>\r\n<\/div>\r\n<\/div>\r\n<\/div>\r\n\r\n**\u3053\u3093\u306a\u65b9\u306b\u30aa\u30b9\u30b9\u30e1\uff01\r\n<div class=\"proposal-sentence\">\r\n\u6a2a\u5e45\u306f\u5185\u5bf8\u7d04880mm\uff08\u6a5f\u7a2e\u306b\u3088\u3063\u3066\u7570\u306a\u308a\u307e\u3059\uff09\u3067\u5c0f\u3055\u306a\u30c7\u30b9\u30af\u3092\u8a2d\u7f6e\u3057\u3066\u30c7\u30b9\u30af\u30ef\u30fc\u30af\u304c\u53ef\u80fd\u3067\u3059\u3002<br>\u6700\u5c0f\u30b9\u30da\u30fc\u30b9\u306b\u6291\u3048\u3001\u5468\u308a\u306e\u304a\u90e8\u5c4b\u3092\u5e83\u304f\u4f7f\u3044\u305f\u3044\u65b9\u3084\u30ca\u30ec\u30fc\u30b7\u30e7\u30f3\u3084\u30f4\u30a9\u30fc\u30ab\u30eb\u306a\u3069\u306e\u30ec\u30b3\u30fc\u30c7\u30a3\u30f3\u30b0\u30d6\u30fc\u30b9\u3068\u3057\u3066\u5229\u7528\u3057\u305f\u3044\u65b9\u306b\u304a\u3059\u3059\u3081\u3067\u3059\u3002\r\n<\/div>\r\n<div class=\"scroll\">\r\n|*\u5546\u54c1\u540d|*\u672c\u4f53\u4fa1\u683c(\u7a0e\u8fbc\uff09|*\u5185\u5bf8|*\u5916\u5bf8|\u5546\u54c1\u3092\u63a2\u3059|\r\n|YAMAHA AMDB08H|[!770,000\u5186!]|884\u00d71325\u00d71923|1002\u00d71443\u00d72069|<a href=\"https:\/\/info.shimamura.co.jp\/soundproof\/?s=AMDB08H&condition=&catnum=&dr=&low=0&high=99999999&soldout=\"><button class=\"btn btn-default\">\u65b0\u54c1\u30fb\u4e2d\u53e4\u304b\u3089\u63a2\u3059<\/button><\/a>|\r\n|KAWAI LHSX09-13|[!605,000\u5186!]|880\u00d71262\u00d71973|996\u00d71378\u00d72092|<a href=\"https:\/\/info.shimamura.co.jp\/soundproof\/?s=LHSX09-13&condition=&catnum=&dr=&low=0&high=99999999&soldout=\"><button class=\"btn btn-default\">\u65b0\u54c1\u30fb\u4e2d\u53e4\u304b\u3089\u63a2\u3059<\/button><\/a>|\r\n<\/div>\r\n<span class=\"proposal-notice_text text-danger\"><span class=\"glyphicon glyphicon-exclamation-sign\" aria-hidden=\"true\"><\/span>\u4fa1\u683c\u306f\u672c\u4f53\u4fa1\u683c\u306e\u307f\u3002\u7d44\u7acb\u914d\u9001\u6599\u91d1\u306a\u3069\u306f\u5225\u9014\u304b\u304b\u308a\u307e\u3059\u3002<\/span>\r\n<span class=\"proposal-notice_text\">\u203b\u5bf8\u6cd5\uff1a\u5e45\u00d7\u5965\u884c\u00d7\u9ad8\u3055(mm)<\/span>\r\n\r\n*1.2\u7573\u9632\u97f3\u30e6\u30cb\u30c3\u30c8(Dr35\uff09\r\n<div class=\"row\">\r\n<div class=\"col-xs-12 col-md-8 col-md-offset-2\">\r\n<div class=\"col-xs-6 col-md-6\">\r\n<img decoding=\"async\" class=\"unitImg\" src=\"https:\/\/info.shimamura.co.jp\/soundproof\/img\/proposal\/cefine_NS_AMDB12C.jpg\" alt=\"AMDB12C\"  \/>\r\n<\/div>\r\n<div class=\"col-xs-6 col-md-6\">\r\n<img decoding=\"async\" class=\"unitImg\" src=\"https:\/\/info.shimamura.co.jp\/soundproof\/img\/proposal\/kawai-lhsx13-13.jpg\" alt=\"KAWAI LHSX13-13\" \/>\r\n<\/div>\r\n<\/div>\r\n<\/div>\r\n\r\n**\u3053\u3093\u306a\u65b9\u306b\u30aa\u30b9\u30b9\u30e1\uff01\r\n<div class=\"proposal-sentence\">\r\n\u30c7\u30b9\u30af\u306bPC\u3060\u3051\u3067\u306a\u304f\u3001\u6a5f\u6750\u3084\u66f8\u985e\u306a\u3069\u8a2d\u7f6e\u3059\u308b\u306a\u3069\u3001\u5e83\u304f\u4f7f\u3044\u305f\u3044\u65b9\u306b\u30aa\u30b9\u30b9\u30e1\u3067\u3059\u3002\r\n<\/div>\r\n<div class=\"scroll\">\r\n|*\u5546\u54c1\u540d|*\u672c\u4f53\u4fa1\u683c(\u7a0e\u8fbc\uff09|*\u5185\u5bf8|*\u5916\u5bf8|\u5546\u54c1\u3092\u63a2\u3059|\r\n|YAMAHA AMDB12H|[!858,000\u5186!]|1325\u00d71325\u00d71964|1443\u00d71443\u00d72069|<a href=\"https:\/\/info.shimamura.co.jp\/soundproof\/?s=AMDB12H&condition=&catnum=&dr=&low=0&high=99999999&soldout=\"><button class=\"btn btn-default\">\u65b0\u54c1\u30fb\u4e2d\u53e4\u304b\u3089\u63a2\u3059<\/button><\/a>|\r\n|KAWAI LHSX13-13|[!682,000\u5186!]|1262\u00d71262\u00d71973|1378\u00d71378\u00d72092|<a href=\"https:\/\/info.shimamura.co.jp\/soundproof\/?s=LHSX13-13&condition=&catnum=&dr=&low=0&high=99999999&soldout=\"><button class=\"btn btn-default\">\u65b0\u54c1\u30fb\u4e2d\u53e4\u304b\u3089\u63a2\u3059<\/button><\/a>|\r\n<\/div>\r\n<span class=\"proposal-notice_text text-danger\"><span class=\"glyphicon glyphicon-exclamation-sign\" aria-hidden=\"true\"><\/span>\u4fa1\u683c\u306f\u672c\u4f53\u4fa1\u683c\u306e\u307f\u3002\u7d44\u7acb\u914d\u9001\u6599\u91d1\u306a\u3069\u306f\u5225\u9014\u304b\u304b\u308a\u307e\u3059\u3002<\/span>\r\n<span class=\"proposal-notice_text\">\u203b\u5bf8\u6cd5\uff1a\u5e45\u00d7\u5965\u884c\u00d7\u9ad8\u3055(mm)<\/span>\r\n\r\n*1.5\u7573\u9632\u97f3\u30e6\u30cb\u30c3\u30c8(Dr35\uff09\r\n<div class=\"row\">\r\n<div class=\"col-xs-12 col-md-8 col-md-offset-2\">\r\n<div class=\"col-xs-6 col-md-6\">\r\n<img decoding=\"async\" class=\"unitImg\" src=\"https:\/\/info.shimamura.co.jp\/soundproof\/img\/proposal\/cefine_NS_AMDB15C.jpg\" alt=\"AMDB15C\"  \/>\r\n<\/div>\r\n<div class=\"col-xs-6 col-md-6\">\r\n<img decoding=\"async\" class=\"unitImg\" src=\"https:\/\/info.shimamura.co.jp\/soundproof\/img\/uploads\/nagamachi\/2020\/09\/EiKb6BvVgAAlo86.jpg\" alt=\"\u4ed9\u53f0\u9577\u753a\u30e2\u30fc\u30eb\u5e97 AMDB15H\" \/>\r\n<\/div>\r\n<\/div>\r\n<\/div>\r\n**\u3053\u3093\u306a\u65b9\u306b\u30aa\u30b9\u30b9\u30e1\uff01\r\n<div class=\"proposal-sentence\">\r\n\u3086\u3068\u308a\u3042\u308b\u7a7a\u9593\u3067\u3001PC\u3084\u6a5f\u6750\u306b\u52a0\u3048\u697d\u5668\u6f14\u594f\u3082\u4f59\u88d5\u6301\u3063\u305f\u30b9\u30da\u30fc\u30b9\u3067\u3059\u3002<br>\u30aa\u30f3\u30e9\u30a4\u30f3\u30ec\u30c3\u30b9\u30f3\u3084\u30aa\u30f3\u30e9\u30a4\u30f3\u30bb\u30c3\u30b7\u30e7\u30f3\u306a\u3069\u3067\u5229\u7528\u3057\u305f\u3044\u65b9\u306b\u30aa\u30b9\u30b9\u30e1\u3067\u3059\u3002\r\n<\/div>\r\n<div class=\"scroll\">\r\n|*\u5546\u54c1\u540d|*\u672c\u4f53\u4fa1\u683c(\u7a0e\u8fbc\uff09|*\u5185\u5bf8|*\u5916\u5bf8|\u5546\u54c1\u3092\u63a2\u3059|\r\n|YAMAHA AMDB15H|[!979,000\u5186!]|1325\u00d71766\u00d71964|1443\u00d71884\u00d72069|<a href=\"https:\/\/info.shimamura.co.jp\/soundproof\/?s=AMDB15H&condition=&catnum=&dr=&low=0&high=99999999&soldout=\"><button class=\"btn btn-default\">\u65b0\u54c1\u30fb\u4e2d\u53e4\u304b\u3089\u63a2\u3059<\/button><\/a>|\r\n|KAWAI LHSX13-18|[!770,000\u5186!]|1262\u00d71702\u00d71973|1378\u00d71818\u00d72103|<a href=\"https:\/\/info.shimamura.co.jp\/soundproof\/?s=LHSX13-18&condition=&catnum=&dr=&low=0&high=99999999&soldout=\"><button class=\"btn btn-default\">\u65b0\u54c1\u30fb\u4e2d\u53e4\u304b\u3089\u63a2\u3059<\/button><\/a>|\r\n<\/div>\r\n<span class=\"proposal-notice_text text-danger\"><span class=\"glyphicon glyphicon-exclamation-sign\" aria-hidden=\"true\"><\/span>\u4fa1\u683c\u306f\u672c\u4f53\u4fa1\u683c\u306e\u307f\u3002\u7d44\u7acb\u914d\u9001\u6599\u91d1\u306a\u3069\u306f\u5225\u9014\u304b\u304b\u308a\u307e\u3059\u3002<\/span>\r\n<span class=\"proposal-notice_text\">\u203b\u5bf8\u6cd5\uff1a\u5e45\u00d7\u5965\u884c\u00d7\u9ad8\u3055(mm)<\/span>\r\n\r\n* \u9632\u97f3\u5ba4\u8a2d\u7f6e\u306b\u3064\u3044\u3066\u306e\u6ce8\u610f\u70b9\r\n<div class=\"proposal-sentence\">\u9632\u97f3\u5ba4\u8a2d\u7f6e\u306b\u306f\u91cd\u91cf\u3084\u30a8\u30a2\u30b3\u30f3\u306e\u8a2d\u7f6e\u306a\u3069\u6ce8\u610f\u3044\u305f\u3060\u304d\u305f\u3044\u30dd\u30a4\u30f3\u30c8\u304c\u3054\u3056\u3044\u307e\u3059\u3002\r\n- <a href=\"https:\/\/info.shimamura.co.jp\/soundproof\/check\">https:\/\/info.shimamura.co.jp\/soundproof\/check<\/a>\r\n<\/p>","protected":false},"excerpt":{"rendered":"<p>\u9ad8\u3044\u906e\u97f3\u6027\u80fd\u3092\u6301\u3061\u3001\u697d\u5668\u306e\u7df4\u7fd2\u3084\u30ec\u30c3\u30b9\u30f3\u306a\u3069\u306b\u591a\u304f\u4f7f\u308f\u308c\u3066\u3044\u308b\u9632\u97f3\u5ba4\u3002\u305d\u306e\u906e\u97f3\u6027\u80fd\u306f\u5916\u306b\u51fa\u308b\u97f3\u3092\u5c0f\u3055\u304f\u3059\u308b\u3060\u3051\u3067\u306a\u304f\u3001\u5916\u304b\u3089\u5165\u3063\u3066\u3044\u6765\u308b\u97f3\u3082\u5c0f\u3055\u304f\u3059\u308b\u3053\u3068\u304c\u3067\u304d\u307e\u3059\u3002\u307e\u305f\u3001\u5c0f\u3055\u304f\u4ed5\u5207\u3089\u308c\u305f\u7a7a\u9593\u306f\u97f3\u3060\u3051\u3067\u306a\u304f\u3001\u5468\u308a\u306e\u8996\u7dda\u3084 &#8230; <a class=\"more\" href=\"https:\/\/info.shimamura.co.jp\/soundproof\/proposal\">\u7d9a\u304d\u3092\u8aad\u3080<\/a><\/p>\n","protected":false},"author":2,"featured_media":0,"parent":0,"menu_order":0,"comment_status":"closed","ping_status":"closed","template":"","meta":{"_acf_changed":false,"footnotes":""},"class_list":["post-4486","page","type-page","status-publish","hentry"],"acf":[],"_links":{"self":[{"href":"https:\/\/info.shimamura.co.jp\/soundproof\/wp-json\/wp\/v2\/pages\/4486","targetHints":{"allow":["GET"]}}],"collection":[{"href":"https:\/\/info.shimamura.co.jp\/soundproof\/wp-json\/wp\/v2\/pages"}],"about":[{"href":"https:\/\/info.shimamura.co.jp\/soundproof\/wp-json\/wp\/v2\/types\/page"}],"author":[{"embeddable":true,"href":"https:\/\/info.shimamura.co.jp\/soundproof\/wp-json\/wp\/v2\/users\/2"}],"replies":[{"embeddable":true,"href":"https:\/\/info.shimamura.co.jp\/soundproof\/wp-json\/wp\/v2\/comments?post=4486"}],"version-history":[{"count":0,"href":"https:\/\/info.shimamura.co.jp\/soundproof\/wp-json\/wp\/v2\/pages\/4486\/revisions"}],"wp:attachment":[{"href":"https:\/\/info.shimamura.co.jp\/soundproof\/wp-json\/wp\/v2\/media?parent=4486"}],"curies":[{"name":"wp","href":"https:\/\/api.w.org\/{rel}","templated":true}]}}